{"id":106,"date":"2020-03-03T07:22:42","date_gmt":"2020-03-03T06:22:42","guid":{"rendered":"http:\/\/androthemes.com\/themes\/wp\/cookiteer\/?page_id=106"},"modified":"2022-04-23T10:23:55","modified_gmt":"2022-04-23T08:23:55","slug":"contact","status":"publish","type":"page","link":"https:\/\/madiet.net\/?page_id=106","title":{"rendered":"Me Contacter"},"content":{"rendered":"\t\t<div data-elementor-type=\"wp-page\" data-elementor-id=\"106\" class=\"elementor elementor-106\" data-elementor-settings=\"[]\">\n\t\t\t\t\t\t<div class=\"elementor-inner\">\n\t\t\t\t\t\t\t<div class=\"elementor-section-wrap\">\n\t\t\t\t\t\t\t<section class=\"elementor-section elementor-top-section elementor-element elementor-element-d7d0a35 elementor-section-boxed elementor-section-height-default elementor-section-height-default\" data-id=\"d7d0a35\" data-element_type=\"section\">\n\t\t\t\t\t\t<div class=\"elementor-container elementor-column-gap-wide\">\n\t\t\t\t\t\t\t<div class=\"elementor-row\">\n\t\t\t\t\t<div class=\"elementor-column elementor-col-100 elementor-top-column elementor-element elementor-element-b1c74d2\" data-id=\"b1c74d2\" data-element_type=\"column\">\n\t\t\t<div class=\"elementor-column-wrap elementor-element-populated\">\n\t\t\t\t\t\t\t<div class=\"elementor-widget-wrap\">\n\t\t\t\t\t\t<div class=\"elementor-element elementor-element-3f87cec elementor-widget elementor-widget-google_maps\" data-id=\"3f87cec\" data-element_type=\"widget\" data-widget_type=\"google_maps.default\">\n\t\t\t\t<div class=\"elementor-widget-container\">\n\t\t\t\t\t<div class=\"elementor-custom-embed\">\n\t\t\t<iframe frameborder=\"0\" scrolling=\"no\" marginheight=\"0\" marginwidth=\"0\"\n\t\t\t\t\tsrc=\"https:\/\/maps.google.com\/maps?q=64%20avenue%20Charles%20de%20Gaulle%2C%2012100%20Millau&#038;t=m&#038;z=10&#038;output=embed&#038;iwloc=near\"\n\t\t\t\t\ttitle=\"64 avenue Charles de Gaulle, 12100 Millau\"\n\t\t\t\t\taria-label=\"64 avenue Charles de Gaulle, 12100 Millau\"\n\t\t\t><\/iframe>\n\t\t<\/div>\n\t\t\t\t<\/div>\n\t\t\t\t<\/div>\n\t\t\t\t\t\t<\/div>\n\t\t\t\t\t<\/div>\n\t\t<\/div>\n\t\t\t\t\t\t\t\t<\/div>\n\t\t\t\t\t<\/div>\n\t\t<\/section>\n\t\t\t\t<section class=\"elementor-section elementor-top-section elementor-element elementor-element-ba1c54d section elementor-section-boxed elementor-section-height-default elementor-section-height-default\" data-id=\"ba1c54d\" data-element_type=\"section\">\n\t\t\t\t\t\t<div class=\"elementor-container elementor-column-gap-default\">\n\t\t\t\t\t\t\t<div class=\"elementor-row\">\n\t\t\t\t\t<div class=\"elementor-column elementor-col-100 elementor-top-column elementor-element elementor-element-5f9171b\" data-id=\"5f9171b\" data-element_type=\"column\">\n\t\t\t<div class=\"elementor-column-wrap elementor-element-populated\">\n\t\t\t\t\t\t\t<div class=\"elementor-widget-wrap\">\n\t\t\t\t\t\t<div class=\"elementor-element elementor-element-536b6d8 section section-padding pt-0 elementor-widget elementor-widget-ct-icon-box\" data-id=\"536b6d8\" data-element_type=\"widget\" data-widget_type=\"ct-icon-box.default\">\n\t\t\t\t<div class=\"elementor-widget-container\">\n\t\t\t<div class=\"row\">      <div class=\"col-lg-4 col-md-6 col-sm-6\">\r\n        <div class=\"ct-icon-box style-1 text-center\">\r\n          <div class=\"ct-icon-box-icon\">\r\n                          <div > <i aria-hidden=\"true\" class=\"flaticon flaticon-call\"><\/i> <\/div>\r\n                                    <h5 ><b>07.49.10.21.83<\/b><\/h5>\r\n                                  <\/div>\r\n        <\/div>\r\n      <\/div>\r\n            <div class=\"col-lg-4 col-md-6 col-sm-6\">\r\n        <div class=\"ct-icon-box style-1 text-center\">\r\n          <div class=\"ct-icon-box-icon\">\r\n                          <div > <i aria-hidden=\"true\" class=\"flaticon flaticon-email\"><\/i> <\/div>\r\n                                    <h5 ><b>a.baptiste@madiet.net<\/b><\/h5>\r\n                                  <\/div>\r\n        <\/div>\r\n      <\/div>\r\n            <div class=\"col-lg-4 col-md-6 col-sm-6\">\r\n        <div class=\"ct-icon-box style-1 text-center\">\r\n          <div class=\"ct-icon-box-icon\">\r\n                          <div > <i aria-hidden=\"true\" class=\"flaticon flaticon-location-1\"><\/i> <\/div>\r\n                                    <h5 ><b>64 avenue Charles de Gaulle<br>12100 MILLAU<\/b><\/h5>\r\n                                  <\/div>\r\n        <\/div>\r\n      <\/div>\r\n      <\/div>\t\t<\/div>\n\t\t\t\t<\/div>\n\t\t\t\t<div class=\"elementor-element elementor-element-d95258e elementor-widget elementor-widget-ct-title\" data-id=\"d95258e\" data-element_type=\"widget\" data-widget_type=\"ct-title.default\">\n\t\t\t\t<div class=\"elementor-widget-container\">\n\t\t\t\r\n      <div class=\"section-title-wrap text-center\">\r\n                <div class=\"ct-title-icon\"> <i aria-hidden=\"true\" class=\"flaticon flaticon-speech-bubble\"><\/i> <\/div>\r\n                        <h2 class=\"title\"> N'h\u00e9sitez pas a me contacter si vous avez des questions <\/h2>\r\n                      <\/div>\r\n\r\n      \t\t<\/div>\n\t\t\t\t<\/div>\n\t\t\t\t\t\t<\/div>\n\t\t\t\t\t<\/div>\n\t\t<\/div>\n\t\t\t\t\t\t\t\t<\/div>\n\t\t\t\t\t<\/div>\n\t\t<\/section>\n\t\t\t\t<section class=\"elementor-section elementor-top-section elementor-element elementor-element-48d39a60 elementor-section-boxed elementor-section-height-default elementor-section-height-default\" data-id=\"48d39a60\" data-element_type=\"section\" data-settings=\"{&quot;background_background&quot;:&quot;classic&quot;}\">\n\t\t\t\t\t\t<div class=\"elementor-container elementor-column-gap-default\">\n\t\t\t\t\t\t\t<div class=\"elementor-row\">\n\t\t\t\t\t<div class=\"elementor-column elementor-col-100 elementor-top-column elementor-element elementor-element-13b81e32\" data-id=\"13b81e32\" data-element_type=\"column\">\n\t\t\t<div class=\"elementor-column-wrap elementor-element-populated\">\n\t\t\t\t\t\t\t<div class=\"elementor-widget-wrap\">\n\t\t\t\t\t\t<div class=\"elementor-element elementor-element-16a20b07 elementor-widget elementor-widget-spacer\" data-id=\"16a20b07\" data-element_type=\"widget\" data-widget_type=\"spacer.default\">\n\t\t\t\t<div class=\"elementor-widget-container\">\n\t\t\t\t\t<div class=\"elementor-spacer\">\n\t\t\t<div class=\"elementor-spacer-inner\"><\/div>\n\t\t<\/div>\n\t\t\t\t<\/div>\n\t\t\t\t<\/div>\n\t\t\t\t<section class=\"elementor-section elementor-inner-section elementor-element elementor-element-4db227bb elementor-section-boxed elementor-section-height-default elementor-section-height-default\" data-id=\"4db227bb\" data-element_type=\"section\">\n\t\t\t\t\t\t<div class=\"elementor-container elementor-column-gap-default\">\n\t\t\t\t\t\t\t<div class=\"elementor-row\">\n\t\t\t\t\t<div class=\"elementor-column elementor-col-50 elementor-inner-column elementor-element elementor-element-70357d37\" data-id=\"70357d37\" data-element_type=\"column\">\n\t\t\t<div class=\"elementor-column-wrap elementor-element-populated\">\n\t\t\t\t\t\t\t<div class=\"elementor-widget-wrap\">\n\t\t\t\t\t\t<div class=\"elementor-element elementor-element-b304dba elementor-widget elementor-widget-text-editor\" data-id=\"b304dba\" data-element_type=\"widget\" data-widget_type=\"text-editor.default\">\n\t\t\t\t<div class=\"elementor-widget-container\">\n\t\t\t\t\t\t\t\t<div class=\"elementor-text-editor elementor-clearfix\">\n\t\t\t\t<p><b>BAPTISTE Amandine<\/b><\/p>\n<p><b>Di\u00e9t\u00e9ticienne &#8211; Nutritionniste<\/b><\/p>\n<p><b>praticienne en hypnose<\/b><\/p>\n<p>62 avenue Charles de Gaulle<\/p>\n<p>12100 MILLAU<\/p>\t\t\t\t\t<\/div>\n\t\t\t\t\t\t<\/div>\n\t\t\t\t<\/div>\n\t\t\t\t\t\t<\/div>\n\t\t\t\t\t<\/div>\n\t\t<\/div>\n\t\t\t\t<div class=\"elementor-column elementor-col-50 elementor-inner-column elementor-element elementor-element-2473f99d\" data-id=\"2473f99d\" data-element_type=\"column\">\n\t\t\t<div class=\"elementor-column-wrap elementor-element-populated\">\n\t\t\t\t\t\t\t<div class=\"elementor-widget-wrap\">\n\t\t\t\t\t\t<div class=\"elementor-element elementor-element-62a3a6c0 elementor-widget elementor-widget-spacer\" data-id=\"62a3a6c0\" data-element_type=\"widget\" data-widget_type=\"spacer.default\">\n\t\t\t\t<div class=\"elementor-widget-container\">\n\t\t\t\t\t<div class=\"elementor-spacer\">\n\t\t\t<div class=\"elementor-spacer-inner\"><\/div>\n\t\t<\/div>\n\t\t\t\t<\/div>\n\t\t\t\t<\/div>\n\t\t\t\t<div class=\"elementor-element elementor-element-71ed2cc4 elementor-widget elementor-widget-text-editor\" data-id=\"71ed2cc4\" data-element_type=\"widget\" data-widget_type=\"text-editor.default\">\n\t\t\t\t<div class=\"elementor-widget-container\">\n\t\t\t\t\t\t\t\t<div class=\"elementor-text-editor elementor-clearfix\">\n\t\t\t\t<p><b>a.baptiste@madiet.net <br><\/b><\/p>\n<p><b>Tel : 07.49.10.21.83<\/b><\/p>\n<p><b>N\u00b0 ADELI : 12 95 0074 0<\/b><\/p>\t\t\t\t\t<\/div>\n\t\t\t\t\t\t<\/div>\n\t\t\t\t<\/div>\n\t\t\t\t<div class=\"elementor-element elementor-element-2748d3af elementor-widget elementor-widget-spacer\" data-id=\"2748d3af\" data-element_type=\"widget\" data-widget_type=\"spacer.default\">\n\t\t\t\t<div class=\"elementor-widget-container\">\n\t\t\t\t\t<div class=\"elementor-spacer\">\n\t\t\t<div class=\"elementor-spacer-inner\"><\/div>\n\t\t<\/div>\n\t\t\t\t<\/div>\n\t\t\t\t<\/div>\n\t\t\t\t\t\t<\/div>\n\t\t\t\t\t<\/div>\n\t\t<\/div>\n\t\t\t\t\t\t\t\t<\/div>\n\t\t\t\t\t<\/div>\n\t\t<\/section>\n\t\t\t\t<div class=\"elementor-element elementor-element-498bb34b elementor-widget elementor-widget-spacer\" data-id=\"498bb34b\" data-element_type=\"widget\" data-widget_type=\"spacer.default\">\n\t\t\t\t<div class=\"elementor-widget-container\">\n\t\t\t\t\t<div class=\"elementor-spacer\">\n\t\t\t<div class=\"elementor-spacer-inner\"><\/div>\n\t\t<\/div>\n\t\t\t\t<\/div>\n\t\t\t\t<\/div>\n\t\t\t\t\t\t<\/div>\n\t\t\t\t\t<\/div>\n\t\t<\/div>\n\t\t\t\t\t\t\t\t<\/div>\n\t\t\t\t\t<\/div>\n\t\t<\/section>\n\t\t\t\t\t\t<\/div>\n\t\t\t\t\t\t<\/div>\n\t\t\t\t\t<\/div>\n\t\t","protected":false},"excerpt":{"rendered":"<p>07.49.10.21.83 a.baptiste@madiet.net 64 avenue Charles de Gaulle12100 MILLAU N&#8217;h\u00e9sitez pas a me contacter si vous avez des questions BAPTISTE Amandine Di\u00e9t\u00e9ticienne &#8211; Nutritionniste praticienne en hypnose 62 avenue Charles de Gaulle 12100 MILLAU a.baptiste@madiet.net Tel : 07.49.10.21.83 N\u00b0 ADELI : 12 95 0074 0<\/p>\n","protected":false},"author":2,"featured_media":0,"parent":0,"menu_order":0,"comment_status":"closed","ping_status":"closed","template":"","meta":[],"yoast_head":"<!-- This site is optimized with the Yoast SEO plugin v16.9 - https:\/\/yoast.com\/wordpress\/plugins\/seo\/ -->\n<title>Me Contacter<\/title>\n<meta name=\"description\" content=\"BAPTISTE AMANDINE - DI\u00c9T\u00c9TICIENNE \u2013 NUTRITIONNISTE - PRATICIENNE EN HYPNOSE - 62 avenue Charles de Gaulle 12100 MILLAU - a.baptiste@madiet.net - Tel : 07.49.10.21.83\" \/>\n<meta name=\"robots\" content=\"index, follow, max-snippet:-1, max-image-preview:large, max-video-preview:-1\" \/>\n<link rel=\"canonical\" href=\"https:\/\/madiet.net\/?page_id=106\" \/>\n<meta property=\"og:locale\" content=\"fr_FR\" \/>\n<meta property=\"og:type\" content=\"article\" \/>\n<meta property=\"og:title\" content=\"Me Contacter\" \/>\n<meta property=\"og:description\" content=\"BAPTISTE AMANDINE - DI\u00c9T\u00c9TICIENNE \u2013 NUTRITIONNISTE - PRATICIENNE EN HYPNOSE - 62 avenue Charles de Gaulle 12100 MILLAU - a.baptiste@madiet.net - Tel : 07.49.10.21.83\" \/>\n<meta property=\"og:url\" content=\"https:\/\/madiet.net\/?page_id=106\" \/>\n<meta property=\"og:site_name\" content=\"BAPTISTE Amandine\" \/>\n<meta property=\"article:modified_time\" content=\"2022-04-23T08:23:55+00:00\" \/>\n<meta name=\"twitter:card\" content=\"summary_large_image\" \/>\n<meta name=\"twitter:label1\" content=\"Dur\u00e9e de lecture est.\" \/>\n\t<meta name=\"twitter:data1\" content=\"1 minute\" \/>\n<script type=\"application\/ld+json\" class=\"yoast-schema-graph\">{\"@context\":\"https:\/\/schema.org\",\"@graph\":[{\"@type\":[\"Person\",\"Organization\"],\"@id\":\"https:\/\/madiet.net\/#\/schema\/person\/846130f51fbb7083589f3b0fa9b743a5\",\"name\":\"Amandine Baptiste\",\"image\":{\"@type\":\"ImageObject\",\"@id\":\"https:\/\/madiet.net\/#personlogo\",\"inLanguage\":\"fr-FR\",\"url\":\"https:\/\/madiet.net\/wp-content\/uploads\/2020\/05\/amandine.jpg.png\",\"contentUrl\":\"https:\/\/madiet.net\/wp-content\/uploads\/2020\/05\/amandine.jpg.png\",\"width\":373,\"height\":407,\"caption\":\"Amandine Baptiste\"},\"logo\":{\"@id\":\"https:\/\/madiet.net\/#personlogo\"},\"sameAs\":[\"https:\/\/madiet.net\"]},{\"@type\":\"WebSite\",\"@id\":\"https:\/\/madiet.net\/#website\",\"url\":\"https:\/\/madiet.net\/\",\"name\":\"BAPTISTE Amandine\",\"description\":\"Amandine BAPTISTE, Di\\u00e9t\\u00e9ticienne \\u00e0 Millau\",\"publisher\":{\"@id\":\"https:\/\/madiet.net\/#\/schema\/person\/846130f51fbb7083589f3b0fa9b743a5\"},\"potentialAction\":[{\"@type\":\"SearchAction\",\"target\":{\"@type\":\"EntryPoint\",\"urlTemplate\":\"https:\/\/madiet.net\/?s={search_term_string}\"},\"query-input\":\"required name=search_term_string\"}],\"inLanguage\":\"fr-FR\"},{\"@type\":\"WebPage\",\"@id\":\"https:\/\/madiet.net\/?page_id=106#webpage\",\"url\":\"https:\/\/madiet.net\/?page_id=106\",\"name\":\"Me Contacter\",\"isPartOf\":{\"@id\":\"https:\/\/madiet.net\/#website\"},\"datePublished\":\"2020-03-03T06:22:42+00:00\",\"dateModified\":\"2022-04-23T08:23:55+00:00\",\"description\":\"BAPTISTE AMANDINE - DI\\u00c9T\\u00c9TICIENNE \\u2013 NUTRITIONNISTE - PRATICIENNE EN HYPNOSE - 62 avenue Charles de Gaulle 12100 MILLAU - a.baptiste@madiet.net - Tel : 07.49.10.21.83\",\"breadcrumb\":{\"@id\":\"https:\/\/madiet.net\/?page_id=106#breadcrumb\"},\"inLanguage\":\"fr-FR\",\"potentialAction\":[{\"@type\":\"ReadAction\",\"target\":[\"https:\/\/madiet.net\/?page_id=106\"]}]},{\"@type\":\"BreadcrumbList\",\"@id\":\"https:\/\/madiet.net\/?page_id=106#breadcrumb\",\"itemListElement\":[{\"@type\":\"ListItem\",\"position\":1,\"name\":\"Accueil\",\"item\":\"https:\/\/madiet.net\/\"},{\"@type\":\"ListItem\",\"position\":2,\"name\":\"Me Contacter\"}]}]}<\/script>\n<!-- \/ Yoast SEO plugin. -->","yoast_head_json":{"title":"Me Contacter","description":"BAPTISTE AMANDINE - DI\u00c9T\u00c9TICIENNE \u2013 NUTRITIONNISTE - PRATICIENNE EN HYPNOSE - 62 avenue Charles de Gaulle 12100 MILLAU - a.baptiste@madiet.net - Tel : 07.49.10.21.83","robots":{"index":"index","follow":"follow","max-snippet":"max-snippet:-1","max-image-preview":"max-image-preview:large","max-video-preview":"max-video-preview:-1"},"canonical":"https:\/\/madiet.net\/?page_id=106","og_locale":"fr_FR","og_type":"article","og_title":"Me Contacter","og_description":"BAPTISTE AMANDINE - DI\u00c9T\u00c9TICIENNE \u2013 NUTRITIONNISTE - PRATICIENNE EN HYPNOSE - 62 avenue Charles de Gaulle 12100 MILLAU - a.baptiste@madiet.net - Tel : 07.49.10.21.83","og_url":"https:\/\/madiet.net\/?page_id=106","og_site_name":"BAPTISTE Amandine","article_modified_time":"2022-04-23T08:23:55+00:00","twitter_card":"summary_large_image","twitter_misc":{"Dur\u00e9e de lecture est.":"1 minute"},"schema":{"@context":"https:\/\/schema.org","@graph":[{"@type":["Person","Organization"],"@id":"https:\/\/madiet.net\/#\/schema\/person\/846130f51fbb7083589f3b0fa9b743a5","name":"Amandine Baptiste","image":{"@type":"ImageObject","@id":"https:\/\/madiet.net\/#personlogo","inLanguage":"fr-FR","url":"https:\/\/madiet.net\/wp-content\/uploads\/2020\/05\/amandine.jpg.png","contentUrl":"https:\/\/madiet.net\/wp-content\/uploads\/2020\/05\/amandine.jpg.png","width":373,"height":407,"caption":"Amandine Baptiste"},"logo":{"@id":"https:\/\/madiet.net\/#personlogo"},"sameAs":["https:\/\/madiet.net"]},{"@type":"WebSite","@id":"https:\/\/madiet.net\/#website","url":"https:\/\/madiet.net\/","name":"BAPTISTE Amandine","description":"Amandine BAPTISTE, Di\u00e9t\u00e9ticienne \u00e0 Millau","publisher":{"@id":"https:\/\/madiet.net\/#\/schema\/person\/846130f51fbb7083589f3b0fa9b743a5"},"potentialAction":[{"@type":"SearchAction","target":{"@type":"EntryPoint","urlTemplate":"https:\/\/madiet.net\/?s={search_term_string}"},"query-input":"required name=search_term_string"}],"inLanguage":"fr-FR"},{"@type":"WebPage","@id":"https:\/\/madiet.net\/?page_id=106#webpage","url":"https:\/\/madiet.net\/?page_id=106","name":"Me Contacter","isPartOf":{"@id":"https:\/\/madiet.net\/#website"},"datePublished":"2020-03-03T06:22:42+00:00","dateModified":"2022-04-23T08:23:55+00:00","description":"BAPTISTE AMANDINE - DI\u00c9T\u00c9TICIENNE \u2013 NUTRITIONNISTE - PRATICIENNE EN HYPNOSE - 62 avenue Charles de Gaulle 12100 MILLAU - a.baptiste@madiet.net - Tel : 07.49.10.21.83","breadcrumb":{"@id":"https:\/\/madiet.net\/?page_id=106#breadcrumb"},"inLanguage":"fr-FR","potentialAction":[{"@type":"ReadAction","target":["https:\/\/madiet.net\/?page_id=106"]}]},{"@type":"BreadcrumbList","@id":"https:\/\/madiet.net\/?page_id=106#breadcrumb","itemListElement":[{"@type":"ListItem","position":1,"name":"Accueil","item":"https:\/\/madiet.net\/"},{"@type":"ListItem","position":2,"name":"Me Contacter"}]}]}},"_links":{"self":[{"href":"https:\/\/madiet.net\/index.php?rest_route=\/wp\/v2\/pages\/106"}],"collection":[{"href":"https:\/\/madiet.net\/index.php?rest_route=\/wp\/v2\/pages"}],"about":[{"href":"https:\/\/madiet.net\/index.php?rest_route=\/wp\/v2\/types\/page"}],"author":[{"embeddable":true,"href":"https:\/\/madiet.net\/index.php?rest_route=\/wp\/v2\/users\/2"}],"replies":[{"embeddable":true,"href":"https:\/\/madiet.net\/index.php?rest_route=%2Fwp%2Fv2%2Fcomments&post=106"}],"version-history":[{"count":34,"href":"https:\/\/madiet.net\/index.php?rest_route=\/wp\/v2\/pages\/106\/revisions"}],"predecessor-version":[{"id":1806,"href":"https:\/\/madiet.net\/index.php?rest_route=\/wp\/v2\/pages\/106\/revisions\/1806"}],"wp:attachment":[{"href":"https:\/\/madiet.net\/index.php?rest_route=%2Fwp%2Fv2%2Fmedia&parent=106"}],"curies":[{"name":"wp","href":"https:\/\/api.w.org\/{rel}","templated":true}]}}