{"id":1543,"date":"2020-10-12T22:19:11","date_gmt":"2020-10-12T20:19:11","guid":{"rendered":"https:\/\/madiet.net\/?page_id=1543"},"modified":"2022-04-23T10:17:18","modified_gmt":"2022-04-23T08:17:18","slug":"arret-du-tabac","status":"publish","type":"page","link":"https:\/\/madiet.net\/?page_id=1543","title":{"rendered":"Arr\u00eat du tabac"},"content":{"rendered":"\t\t<div data-elementor-type=\"wp-page\" data-elementor-id=\"1543\" class=\"elementor elementor-1543\" data-elementor-settings=\"[]\">\n\t\t\t\t\t\t<div class=\"elementor-inner\">\n\t\t\t\t\t\t\t<div class=\"elementor-section-wrap\">\n\t\t\t\t\t\t\t<section class=\"elementor-section elementor-top-section elementor-element elementor-element-5a18918e elementor-section-boxed elementor-section-height-default elementor-section-height-default\" data-id=\"5a18918e\" data-element_type=\"section\">\n\t\t\t\t\t\t<div class=\"elementor-container elementor-column-gap-default\">\n\t\t\t\t\t\t\t<div class=\"elementor-row\">\n\t\t\t\t\t<div class=\"elementor-column elementor-col-100 elementor-top-column elementor-element elementor-element-6c2ad0a1\" data-id=\"6c2ad0a1\" data-element_type=\"column\">\n\t\t\t<div class=\"elementor-column-wrap elementor-element-populated\">\n\t\t\t\t\t\t\t<div class=\"elementor-widget-wrap\">\n\t\t\t\t\t\t<div class=\"elementor-element elementor-element-4ad4ac6f elementor-widget elementor-widget-spacer\" data-id=\"4ad4ac6f\" data-element_type=\"widget\" data-widget_type=\"spacer.default\">\n\t\t\t\t<div class=\"elementor-widget-container\">\n\t\t\t\t\t<div class=\"elementor-spacer\">\n\t\t\t<div class=\"elementor-spacer-inner\"><\/div>\n\t\t<\/div>\n\t\t\t\t<\/div>\n\t\t\t\t<\/div>\n\t\t\t\t<div class=\"elementor-element elementor-element-8cb8fc9 elementor-widget elementor-widget-heading\" data-id=\"8cb8fc9\" data-element_type=\"widget\" data-widget_type=\"heading.default\">\n\t\t\t\t<div class=\"elementor-widget-container\">\n\t\t\t<h2 class=\"elementor-heading-title elementor-size-default\">L\u2019arr\u00eat du tabac est associ\u00e9 \u00e0 un gain de poids moyenne de 5 kg chez 70% des fumeurs. 30% d'entre eux ne verront aucune modification de leur poids.<\/h2>\t\t<\/div>\n\t\t\t\t<\/div>\n\t\t\t\t<div class=\"elementor-element elementor-element-48a00ed2 elementor-widget elementor-widget-spacer\" data-id=\"48a00ed2\" data-element_type=\"widget\" data-widget_type=\"spacer.default\">\n\t\t\t\t<div class=\"elementor-widget-container\">\n\t\t\t\t\t<div class=\"elementor-spacer\">\n\t\t\t<div class=\"elementor-spacer-inner\"><\/div>\n\t\t<\/div>\n\t\t\t\t<\/div>\n\t\t\t\t<\/div>\n\t\t\t\t\t\t<\/div>\n\t\t\t\t\t<\/div>\n\t\t<\/div>\n\t\t\t\t\t\t\t\t<\/div>\n\t\t\t\t\t<\/div>\n\t\t<\/section>\n\t\t\t\t<section class=\"elementor-section elementor-top-section elementor-element elementor-element-26ce64c2 elementor-section-boxed elementor-section-height-default elementor-section-height-default\" data-id=\"26ce64c2\" data-element_type=\"section\" data-settings=\"{&quot;background_background&quot;:&quot;classic&quot;}\">\n\t\t\t\t\t\t<div class=\"elementor-container elementor-column-gap-default\">\n\t\t\t\t\t\t\t<div class=\"elementor-row\">\n\t\t\t\t\t<div class=\"elementor-column elementor-col-100 elementor-top-column elementor-element elementor-element-205e6997\" data-id=\"205e6997\" data-element_type=\"column\">\n\t\t\t<div class=\"elementor-column-wrap elementor-element-populated\">\n\t\t\t\t\t\t\t<div class=\"elementor-widget-wrap\">\n\t\t\t\t\t\t<div class=\"elementor-element elementor-element-386d6626 elementor-widget elementor-widget-ct-title\" data-id=\"386d6626\" data-element_type=\"widget\" data-widget_type=\"ct-title.default\">\n\t\t\t\t<div class=\"elementor-widget-container\">\n\t\t\t\r\n      <div class=\"section-title-wrap text-center\">\r\n                <div class=\"ct-title-icon\"> <i aria-hidden=\"true\" class=\"fa fa-star\"><\/i> <\/div>\r\n                        <h2 class=\"title\"> Quelles sont les causes de la prise de poids ? <\/h2>\r\n                      <\/div>\r\n\r\n      \t\t<\/div>\n\t\t\t\t<\/div>\n\t\t\t\t<section class=\"elementor-section elementor-inner-section elementor-element elementor-element-2a5ccdfd elementor-section-boxed elementor-section-height-default elementor-section-height-default\" data-id=\"2a5ccdfd\" data-element_type=\"section\">\n\t\t\t\t\t\t<div class=\"elementor-container elementor-column-gap-default\">\n\t\t\t\t\t\t\t<div class=\"elementor-row\">\n\t\t\t\t\t<div class=\"elementor-column elementor-col-100 elementor-inner-column elementor-element elementor-element-74e65d9b\" data-id=\"74e65d9b\" data-element_type=\"column\">\n\t\t\t<div class=\"elementor-column-wrap elementor-element-populated\">\n\t\t\t\t\t\t\t<div class=\"elementor-widget-wrap\">\n\t\t\t\t\t\t<div class=\"elementor-element elementor-element-42b2117c elementor-widget elementor-widget-text-editor\" data-id=\"42b2117c\" data-element_type=\"widget\" data-widget_type=\"text-editor.default\">\n\t\t\t\t<div class=\"elementor-widget-container\">\n\t\t\t\t\t\t\t\t<div class=\"elementor-text-editor elementor-clearfix\">\n\t\t\t\t<p style=\"text-align: center;\"><span style=\"color: #000000;\">Une diminution du m\u00e9tabolisme de base<\/span><\/p><p style=\"text-align: center;\"><span style=\"color: #000000;\">Une augmentation de l\u2019app\u00e9tit (la nicotine est anorexig\u00e8ne)<\/span><\/p><p style=\"text-align: center;\"><span style=\"color: #000000;\">Des envies de grignoter pour combler le manque<\/span><\/p><p style=\"text-align: center;\"><span style=\"color: #000000;\">Une augmentation de la r\u00e9sistance \u00e0 l&#8217;insuline<\/span><\/p>\t\t\t\t\t<\/div>\n\t\t\t\t\t\t<\/div>\n\t\t\t\t<\/div>\n\t\t\t\t\t\t<\/div>\n\t\t\t\t\t<\/div>\n\t\t<\/div>\n\t\t\t\t\t\t\t\t<\/div>\n\t\t\t\t\t<\/div>\n\t\t<\/section>\n\t\t\t\t\t\t<\/div>\n\t\t\t\t\t<\/div>\n\t\t<\/div>\n\t\t\t\t\t\t\t\t<\/div>\n\t\t\t\t\t<\/div>\n\t\t<\/section>\n\t\t\t\t<section class=\"elementor-section elementor-top-section elementor-element elementor-element-3cf41a45 elementor-section-boxed elementor-section-height-default elementor-section-height-default\" data-id=\"3cf41a45\" data-element_type=\"section\">\n\t\t\t\t\t\t<div class=\"elementor-container elementor-column-gap-default\">\n\t\t\t\t\t\t\t<div class=\"elementor-row\">\n\t\t\t\t\t<div class=\"elementor-column elementor-col-100 elementor-top-column elementor-element elementor-element-7430b51d\" data-id=\"7430b51d\" data-element_type=\"column\">\n\t\t\t<div class=\"elementor-column-wrap elementor-element-populated\">\n\t\t\t\t\t\t\t<div class=\"elementor-widget-wrap\">\n\t\t\t\t\t\t<div class=\"elementor-element elementor-element-5a8b7546 elementor-widget elementor-widget-spacer\" data-id=\"5a8b7546\" data-element_type=\"widget\" data-widget_type=\"spacer.default\">\n\t\t\t\t<div class=\"elementor-widget-container\">\n\t\t\t\t\t<div class=\"elementor-spacer\">\n\t\t\t<div class=\"elementor-spacer-inner\"><\/div>\n\t\t<\/div>\n\t\t\t\t<\/div>\n\t\t\t\t<\/div>\n\t\t\t\t<div class=\"elementor-element elementor-element-bf53d67 elementor-widget elementor-widget-ct-title\" data-id=\"bf53d67\" data-element_type=\"widget\" data-widget_type=\"ct-title.default\">\n\t\t\t\t<div class=\"elementor-widget-container\">\n\t\t\t\r\n      <div class=\"section-title-wrap text-center\">\r\n                <div class=\"ct-title-icon\"> <i aria-hidden=\"true\" class=\"fa fa-star\"><\/i> <\/div>\r\n                        <h2 class=\"title\"> Prise en charge nutritionnelle <\/h2>\r\n                      <\/div>\r\n\r\n      \t\t<\/div>\n\t\t\t\t<\/div>\n\t\t\t\t<div class=\"elementor-element elementor-element-5c19787c elementor-widget elementor-widget-text-editor\" data-id=\"5c19787c\" data-element_type=\"widget\" data-widget_type=\"text-editor.default\">\n\t\t\t\t<div class=\"elementor-widget-container\">\n\t\t\t\t\t\t\t\t<div class=\"elementor-text-editor elementor-clearfix\">\n\t\t\t\t<div style=\"text-align: center;\"><span style=\"color: #000000;\">Mise en place d&#8217;un rythme alimentaire adapt\u00e9 \u00e0 vos besoins<\/span><\/div><div style=\"text-align: center;\">\u00a0<\/div><div style=\"text-align: center;\"><span style=\"color: #000000;\">Travail sur l&#8217;\u00e9quilibre alimentaire et sur les quantit\u00e9s<\/span><\/div><div style=\"text-align: center;\">\u00a0<\/div><div style=\"text-align: center;\"><span style=\"color: #000000;\">Conseils pour une alimentation \u00e0 index glyc\u00e9mique bas<\/span><\/div><div style=\"text-align: center;\">\u00a0<\/div><div style=\"text-align: center;\"><span style=\"color: #000000;\">Gestion des grignotages<\/span><\/div><div style=\"text-align: center;\">\u00a0<\/div><div style=\"text-align: center;\"><span style=\"color: #000000;\">Remise en mouvement du corps<\/span><\/div>\t\t\t\t\t<\/div>\n\t\t\t\t\t\t<\/div>\n\t\t\t\t<\/div>\n\t\t\t\t<div class=\"elementor-element elementor-element-66e1328 elementor-widget elementor-widget-spacer\" data-id=\"66e1328\" data-element_type=\"widget\" data-widget_type=\"spacer.default\">\n\t\t\t\t<div class=\"elementor-widget-container\">\n\t\t\t\t\t<div class=\"elementor-spacer\">\n\t\t\t<div class=\"elementor-spacer-inner\"><\/div>\n\t\t<\/div>\n\t\t\t\t<\/div>\n\t\t\t\t<\/div>\n\t\t\t\t\t\t<\/div>\n\t\t\t\t\t<\/div>\n\t\t<\/div>\n\t\t\t\t\t\t\t\t<\/div>\n\t\t\t\t\t<\/div>\n\t\t<\/section>\n\t\t\t\t<section class=\"elementor-section elementor-top-section elementor-element elementor-element-34d75896 elementor-section-boxed elementor-section-height-default elementor-section-height-default\" data-id=\"34d75896\" data-element_type=\"section\" data-settings=\"{&quot;background_background&quot;:&quot;classic&quot;}\">\n\t\t\t\t\t\t<div class=\"elementor-container elementor-column-gap-default\">\n\t\t\t\t\t\t\t<div class=\"elementor-row\">\n\t\t\t\t\t<div class=\"elementor-column elementor-col-100 elementor-top-column elementor-element elementor-element-67338357\" data-id=\"67338357\" data-element_type=\"column\">\n\t\t\t<div class=\"elementor-column-wrap elementor-element-populated\">\n\t\t\t\t\t\t\t<div class=\"elementor-widget-wrap\">\n\t\t\t\t\t\t<div class=\"elementor-element elementor-element-422e3ced elementor-widget elementor-widget-spacer\" data-id=\"422e3ced\" data-element_type=\"widget\" data-widget_type=\"spacer.default\">\n\t\t\t\t<div class=\"elementor-widget-container\">\n\t\t\t\t\t<div class=\"elementor-spacer\">\n\t\t\t<div class=\"elementor-spacer-inner\"><\/div>\n\t\t<\/div>\n\t\t\t\t<\/div>\n\t\t\t\t<\/div>\n\t\t\t\t<section class=\"elementor-section elementor-inner-section elementor-element elementor-element-1325a3c3 elementor-section-boxed elementor-section-height-default elementor-section-height-default\" data-id=\"1325a3c3\" data-element_type=\"section\">\n\t\t\t\t\t\t<div class=\"elementor-container elementor-column-gap-default\">\n\t\t\t\t\t\t\t<div class=\"elementor-row\">\n\t\t\t\t\t<div class=\"elementor-column elementor-col-50 elementor-inner-column elementor-element elementor-element-6456c600\" data-id=\"6456c600\" data-element_type=\"column\">\n\t\t\t<div class=\"elementor-column-wrap elementor-element-populated\">\n\t\t\t\t\t\t\t<div class=\"elementor-widget-wrap\">\n\t\t\t\t\t\t<div class=\"elementor-element elementor-element-2805682 elementor-widget elementor-widget-text-editor\" data-id=\"2805682\" data-element_type=\"widget\" data-widget_type=\"text-editor.default\">\n\t\t\t\t<div class=\"elementor-widget-container\">\n\t\t\t\t\t\t\t\t<div class=\"elementor-text-editor elementor-clearfix\">\n\t\t\t\t<p><b>BAPTISTE Amandine<\/b><\/p>\n<p><b>Di\u00e9t\u00e9ticienne &#8211; Nutritionniste<\/b><\/p>\n<p><span style=\"font-family: Roboto, sans-serif; font-size: 14px; font-style: normal; font-variant-ligatures: normal; font-variant-caps: normal; font-weight: 400; letter-spacing: -0.2px;\">64 AVENUE CHARLES DE GAULLE<\/span><br><\/p>\n<p>12100 MILLAU<\/p>\t\t\t\t\t<\/div>\n\t\t\t\t\t\t<\/div>\n\t\t\t\t<\/div>\n\t\t\t\t\t\t<\/div>\n\t\t\t\t\t<\/div>\n\t\t<\/div>\n\t\t\t\t<div class=\"elementor-column elementor-col-50 elementor-inner-column elementor-element elementor-element-70bc7da6\" data-id=\"70bc7da6\" data-element_type=\"column\">\n\t\t\t<div class=\"elementor-column-wrap elementor-element-populated\">\n\t\t\t\t\t\t\t<div class=\"elementor-widget-wrap\">\n\t\t\t\t\t\t<div class=\"elementor-element elementor-element-5348cc4e elementor-widget elementor-widget-spacer\" data-id=\"5348cc4e\" data-element_type=\"widget\" data-widget_type=\"spacer.default\">\n\t\t\t\t<div class=\"elementor-widget-container\">\n\t\t\t\t\t<div class=\"elementor-spacer\">\n\t\t\t<div class=\"elementor-spacer-inner\"><\/div>\n\t\t<\/div>\n\t\t\t\t<\/div>\n\t\t\t\t<\/div>\n\t\t\t\t<div class=\"elementor-element elementor-element-26b9fc88 elementor-widget elementor-widget-text-editor\" data-id=\"26b9fc88\" data-element_type=\"widget\" data-widget_type=\"text-editor.default\">\n\t\t\t\t<div class=\"elementor-widget-container\">\n\t\t\t\t\t\t\t\t<div class=\"elementor-text-editor elementor-clearfix\">\n\t\t\t\t<p><b>a.baptiste@madiet.net <br><\/b><\/p>\n<p><b>Tel : 07.49.10.21.83<\/b><\/p>\n<p><b>N\u00b0 ADELI : 12 95 0074 0<\/b><\/p>\t\t\t\t\t<\/div>\n\t\t\t\t\t\t<\/div>\n\t\t\t\t<\/div>\n\t\t\t\t<div class=\"elementor-element elementor-element-49c12c85 elementor-widget elementor-widget-spacer\" data-id=\"49c12c85\" data-element_type=\"widget\" data-widget_type=\"spacer.default\">\n\t\t\t\t<div class=\"elementor-widget-container\">\n\t\t\t\t\t<div class=\"elementor-spacer\">\n\t\t\t<div class=\"elementor-spacer-inner\"><\/div>\n\t\t<\/div>\n\t\t\t\t<\/div>\n\t\t\t\t<\/div>\n\t\t\t\t\t\t<\/div>\n\t\t\t\t\t<\/div>\n\t\t<\/div>\n\t\t\t\t\t\t\t\t<\/div>\n\t\t\t\t\t<\/div>\n\t\t<\/section>\n\t\t\t\t<div class=\"elementor-element elementor-element-7ae98a34 elementor-widget elementor-widget-spacer\" data-id=\"7ae98a34\" data-element_type=\"widget\" data-widget_type=\"spacer.default\">\n\t\t\t\t<div class=\"elementor-widget-container\">\n\t\t\t\t\t<div class=\"elementor-spacer\">\n\t\t\t<div class=\"elementor-spacer-inner\"><\/div>\n\t\t<\/div>\n\t\t\t\t<\/div>\n\t\t\t\t<\/div>\n\t\t\t\t\t\t<\/div>\n\t\t\t\t\t<\/div>\n\t\t<\/div>\n\t\t\t\t\t\t\t\t<\/div>\n\t\t\t\t\t<\/div>\n\t\t<\/section>\n\t\t\t\t\t\t<\/div>\n\t\t\t\t\t\t<\/div>\n\t\t\t\t\t<\/div>\n\t\t","protected":false},"excerpt":{"rendered":"<p>L\u2019arr\u00eat du tabac est associ\u00e9 \u00e0 un gain de poids moyenne de 5 kg chez 70% des fumeurs. 30% d&#8217;entre eux ne verront aucune modification de leur poids. Quelles sont les causes de la prise de poids ? Une diminution du m\u00e9tabolisme de base Une augmentation de l\u2019app\u00e9tit (la nicotine est anorexig\u00e8ne) Des envies de [&hellip;]<\/p>\n","protected":false},"author":2,"featured_media":0,"parent":0,"menu_order":0,"comment_status":"closed","ping_status":"closed","template":"","meta":[],"yoast_head":"<!-- This site is optimized with the Yoast SEO plugin v16.9 - https:\/\/yoast.com\/wordpress\/plugins\/seo\/ -->\n<title>Arr\u00eat du tabac<\/title>\n<meta name=\"description\" content=\"BAPTISTE AMANDINE - DI\u00c9T\u00c9TICIENNE \u2013 NUTRITIONNISTE - PRATICIENNE EN HYPNOSE - 62 avenue Charles de Gaulle 12100 MILLAU - a.baptiste@madiet.net - Tel : 07.49.10.21.83\" \/>\n<meta name=\"robots\" content=\"index, follow, max-snippet:-1, max-image-preview:large, max-video-preview:-1\" \/>\n<link rel=\"canonical\" href=\"https:\/\/madiet.net\/?page_id=1543\" \/>\n<meta property=\"og:locale\" content=\"fr_FR\" \/>\n<meta property=\"og:type\" content=\"article\" \/>\n<meta property=\"og:title\" content=\"Arr\u00eat du tabac\" \/>\n<meta property=\"og:description\" content=\"BAPTISTE AMANDINE - DI\u00c9T\u00c9TICIENNE \u2013 NUTRITIONNISTE - PRATICIENNE EN HYPNOSE - 62 avenue Charles de Gaulle 12100 MILLAU - a.baptiste@madiet.net - Tel : 07.49.10.21.83\" \/>\n<meta property=\"og:url\" content=\"https:\/\/madiet.net\/?page_id=1543\" \/>\n<meta property=\"og:site_name\" content=\"BAPTISTE Amandine\" \/>\n<meta property=\"article:modified_time\" content=\"2022-04-23T08:17:18+00:00\" \/>\n<meta name=\"twitter:card\" content=\"summary_large_image\" \/>\n<meta name=\"twitter:label1\" content=\"Dur\u00e9e de lecture est.\" \/>\n\t<meta name=\"twitter:data1\" content=\"1 minute\" \/>\n<script type=\"application\/ld+json\" class=\"yoast-schema-graph\">{\"@context\":\"https:\/\/schema.org\",\"@graph\":[{\"@type\":[\"Person\",\"Organization\"],\"@id\":\"https:\/\/madiet.net\/#\/schema\/person\/846130f51fbb7083589f3b0fa9b743a5\",\"name\":\"Amandine Baptiste\",\"image\":{\"@type\":\"ImageObject\",\"@id\":\"https:\/\/madiet.net\/#personlogo\",\"inLanguage\":\"fr-FR\",\"url\":\"https:\/\/madiet.net\/wp-content\/uploads\/2020\/05\/amandine.jpg.png\",\"contentUrl\":\"https:\/\/madiet.net\/wp-content\/uploads\/2020\/05\/amandine.jpg.png\",\"width\":373,\"height\":407,\"caption\":\"Amandine Baptiste\"},\"logo\":{\"@id\":\"https:\/\/madiet.net\/#personlogo\"},\"sameAs\":[\"https:\/\/madiet.net\"]},{\"@type\":\"WebSite\",\"@id\":\"https:\/\/madiet.net\/#website\",\"url\":\"https:\/\/madiet.net\/\",\"name\":\"BAPTISTE Amandine\",\"description\":\"Amandine BAPTISTE, Di\\u00e9t\\u00e9ticienne \\u00e0 Millau\",\"publisher\":{\"@id\":\"https:\/\/madiet.net\/#\/schema\/person\/846130f51fbb7083589f3b0fa9b743a5\"},\"potentialAction\":[{\"@type\":\"SearchAction\",\"target\":{\"@type\":\"EntryPoint\",\"urlTemplate\":\"https:\/\/madiet.net\/?s={search_term_string}\"},\"query-input\":\"required name=search_term_string\"}],\"inLanguage\":\"fr-FR\"},{\"@type\":\"WebPage\",\"@id\":\"https:\/\/madiet.net\/?page_id=1543#webpage\",\"url\":\"https:\/\/madiet.net\/?page_id=1543\",\"name\":\"Arr\\u00eat du tabac\",\"isPartOf\":{\"@id\":\"https:\/\/madiet.net\/#website\"},\"datePublished\":\"2020-10-12T20:19:11+00:00\",\"dateModified\":\"2022-04-23T08:17:18+00:00\",\"description\":\"BAPTISTE AMANDINE - DI\\u00c9T\\u00c9TICIENNE \\u2013 NUTRITIONNISTE - PRATICIENNE EN HYPNOSE - 62 avenue Charles de Gaulle 12100 MILLAU - a.baptiste@madiet.net - Tel : 07.49.10.21.83\",\"breadcrumb\":{\"@id\":\"https:\/\/madiet.net\/?page_id=1543#breadcrumb\"},\"inLanguage\":\"fr-FR\",\"potentialAction\":[{\"@type\":\"ReadAction\",\"target\":[\"https:\/\/madiet.net\/?page_id=1543\"]}]},{\"@type\":\"BreadcrumbList\",\"@id\":\"https:\/\/madiet.net\/?page_id=1543#breadcrumb\",\"itemListElement\":[{\"@type\":\"ListItem\",\"position\":1,\"name\":\"Accueil\",\"item\":\"https:\/\/madiet.net\/\"},{\"@type\":\"ListItem\",\"position\":2,\"name\":\"Arr\\u00eat du tabac\"}]}]}<\/script>\n<!-- \/ Yoast SEO plugin. -->","yoast_head_json":{"title":"Arr\u00eat du tabac","description":"BAPTISTE AMANDINE - DI\u00c9T\u00c9TICIENNE \u2013 NUTRITIONNISTE - PRATICIENNE EN HYPNOSE - 62 avenue Charles de Gaulle 12100 MILLAU - a.baptiste@madiet.net - Tel : 07.49.10.21.83","robots":{"index":"index","follow":"follow","max-snippet":"max-snippet:-1","max-image-preview":"max-image-preview:large","max-video-preview":"max-video-preview:-1"},"canonical":"https:\/\/madiet.net\/?page_id=1543","og_locale":"fr_FR","og_type":"article","og_title":"Arr\u00eat du tabac","og_description":"BAPTISTE AMANDINE - DI\u00c9T\u00c9TICIENNE \u2013 NUTRITIONNISTE - PRATICIENNE EN HYPNOSE - 62 avenue Charles de Gaulle 12100 MILLAU - a.baptiste@madiet.net - Tel : 07.49.10.21.83","og_url":"https:\/\/madiet.net\/?page_id=1543","og_site_name":"BAPTISTE Amandine","article_modified_time":"2022-04-23T08:17:18+00:00","twitter_card":"summary_large_image","twitter_misc":{"Dur\u00e9e de lecture est.":"1 minute"},"schema":{"@context":"https:\/\/schema.org","@graph":[{"@type":["Person","Organization"],"@id":"https:\/\/madiet.net\/#\/schema\/person\/846130f51fbb7083589f3b0fa9b743a5","name":"Amandine Baptiste","image":{"@type":"ImageObject","@id":"https:\/\/madiet.net\/#personlogo","inLanguage":"fr-FR","url":"https:\/\/madiet.net\/wp-content\/uploads\/2020\/05\/amandine.jpg.png","contentUrl":"https:\/\/madiet.net\/wp-content\/uploads\/2020\/05\/amandine.jpg.png","width":373,"height":407,"caption":"Amandine Baptiste"},"logo":{"@id":"https:\/\/madiet.net\/#personlogo"},"sameAs":["https:\/\/madiet.net"]},{"@type":"WebSite","@id":"https:\/\/madiet.net\/#website","url":"https:\/\/madiet.net\/","name":"BAPTISTE Amandine","description":"Amandine BAPTISTE, Di\u00e9t\u00e9ticienne \u00e0 Millau","publisher":{"@id":"https:\/\/madiet.net\/#\/schema\/person\/846130f51fbb7083589f3b0fa9b743a5"},"potentialAction":[{"@type":"SearchAction","target":{"@type":"EntryPoint","urlTemplate":"https:\/\/madiet.net\/?s={search_term_string}"},"query-input":"required name=search_term_string"}],"inLanguage":"fr-FR"},{"@type":"WebPage","@id":"https:\/\/madiet.net\/?page_id=1543#webpage","url":"https:\/\/madiet.net\/?page_id=1543","name":"Arr\u00eat du tabac","isPartOf":{"@id":"https:\/\/madiet.net\/#website"},"datePublished":"2020-10-12T20:19:11+00:00","dateModified":"2022-04-23T08:17:18+00:00","description":"BAPTISTE AMANDINE - DI\u00c9T\u00c9TICIENNE \u2013 NUTRITIONNISTE - PRATICIENNE EN HYPNOSE - 62 avenue Charles de Gaulle 12100 MILLAU - a.baptiste@madiet.net - Tel : 07.49.10.21.83","breadcrumb":{"@id":"https:\/\/madiet.net\/?page_id=1543#breadcrumb"},"inLanguage":"fr-FR","potentialAction":[{"@type":"ReadAction","target":["https:\/\/madiet.net\/?page_id=1543"]}]},{"@type":"BreadcrumbList","@id":"https:\/\/madiet.net\/?page_id=1543#breadcrumb","itemListElement":[{"@type":"ListItem","position":1,"name":"Accueil","item":"https:\/\/madiet.net\/"},{"@type":"ListItem","position":2,"name":"Arr\u00eat du tabac"}]}]}},"_links":{"self":[{"href":"https:\/\/madiet.net\/index.php?rest_route=\/wp\/v2\/pages\/1543"}],"collection":[{"href":"https:\/\/madiet.net\/index.php?rest_route=\/wp\/v2\/pages"}],"about":[{"href":"https:\/\/madiet.net\/index.php?rest_route=\/wp\/v2\/types\/page"}],"author":[{"embeddable":true,"href":"https:\/\/madiet.net\/index.php?rest_route=\/wp\/v2\/users\/2"}],"replies":[{"embeddable":true,"href":"https:\/\/madiet.net\/index.php?rest_route=%2Fwp%2Fv2%2Fcomments&post=1543"}],"version-history":[{"count":9,"href":"https:\/\/madiet.net\/index.php?rest_route=\/wp\/v2\/pages\/1543\/revisions"}],"predecessor-version":[{"id":1797,"href":"https:\/\/madiet.net\/index.php?rest_route=\/wp\/v2\/pages\/1543\/revisions\/1797"}],"wp:attachment":[{"href":"https:\/\/madiet.net\/index.php?rest_route=%2Fwp%2Fv2%2Fmedia&parent=1543"}],"curies":[{"name":"wp","href":"https:\/\/api.w.org\/{rel}","templated":true}]}}