{"id":1637,"date":"2021-07-06T17:27:43","date_gmt":"2021-07-06T15:27:43","guid":{"rendered":"https:\/\/madiet.net\/?page_id=1637"},"modified":"2022-04-23T10:23:25","modified_gmt":"2022-04-23T08:23:25","slug":"technique-mosaic","status":"publish","type":"page","link":"https:\/\/madiet.net\/?page_id=1637","title":{"rendered":"Technique MOSA\u00cfC\u00ae"},"content":{"rendered":"\t\t<div data-elementor-type=\"wp-page\" data-elementor-id=\"1637\" class=\"elementor elementor-1637\" data-elementor-settings=\"[]\">\n\t\t\t\t\t\t<div class=\"elementor-inner\">\n\t\t\t\t\t\t\t<div class=\"elementor-section-wrap\">\n\t\t\t\t\t\t\t<section class=\"elementor-section elementor-top-section elementor-element elementor-element-32733d98 elementor-section-boxed elementor-section-height-default elementor-section-height-default\" data-id=\"32733d98\" data-element_type=\"section\">\n\t\t\t\t\t\t<div class=\"elementor-container elementor-column-gap-default\">\n\t\t\t\t\t\t\t<div class=\"elementor-row\">\n\t\t\t\t\t<div class=\"elementor-column elementor-col-100 elementor-top-column elementor-element elementor-element-714e5fc8\" data-id=\"714e5fc8\" data-element_type=\"column\">\n\t\t\t<div class=\"elementor-column-wrap elementor-element-populated\">\n\t\t\t\t\t\t\t<div class=\"elementor-widget-wrap\">\n\t\t\t\t\t\t<div class=\"elementor-element elementor-element-16398d31 elementor-widget elementor-widget-spacer\" data-id=\"16398d31\" data-element_type=\"widget\" data-widget_type=\"spacer.default\">\n\t\t\t\t<div class=\"elementor-widget-container\">\n\t\t\t\t\t<div class=\"elementor-spacer\">\n\t\t\t<div class=\"elementor-spacer-inner\"><\/div>\n\t\t<\/div>\n\t\t\t\t<\/div>\n\t\t\t\t<\/div>\n\t\t\t\t<div class=\"elementor-element elementor-element-be64e17 elementor-widget elementor-widget-heading\" data-id=\"be64e17\" data-element_type=\"widget\" data-widget_type=\"heading.default\">\n\t\t\t\t<div class=\"elementor-widget-container\">\n\t\t\t<h2 class=\"elementor-heading-title elementor-size-default\">A l\u2019instar de la th\u00e9rapie EMDR tr\u00e8s largement connues du grand public, la technique MOSAIC\u00ae (mouvements oculaires et stimulations altern\u00e9es pour l\u2019int\u00e9gration c\u00e9r\u00e9brale) est une m\u00e9thode th\u00e9rapeutique innovante qui utilise les propri\u00e9t\u00e9s neurophysiologiques des Stimulations Bilat\u00e9rales Altern\u00e9es dans une approche solutionniste exp\u00e9rientielle\u00ae. <\/h2>\t\t<\/div>\n\t\t\t\t<\/div>\n\t\t\t\t<div class=\"elementor-element elementor-element-8320514 elementor-widget elementor-widget-spacer\" data-id=\"8320514\" data-element_type=\"widget\" data-widget_type=\"spacer.default\">\n\t\t\t\t<div class=\"elementor-widget-container\">\n\t\t\t\t\t<div class=\"elementor-spacer\">\n\t\t\t<div class=\"elementor-spacer-inner\"><\/div>\n\t\t<\/div>\n\t\t\t\t<\/div>\n\t\t\t\t<\/div>\n\t\t\t\t<div class=\"elementor-element elementor-element-f91d8fd elementor-widget elementor-widget-image\" data-id=\"f91d8fd\" data-element_type=\"widget\" data-widget_type=\"image.default\">\n\t\t\t\t<div class=\"elementor-widget-container\">\n\t\t\t\t\t\t\t\t<div class=\"elementor-image\">\n\t\t\t\t\t\t\t\t\t\t\t\t<img width=\"286\" height=\"176\" src=\"https:\/\/madiet.net\/wp-content\/uploads\/2021\/07\/mosaic.jpg\" class=\"attachment-large size-large\" alt=\"\" loading=\"lazy\" \/>\t\t\t\t\t\t\t\t\t\t\t\t\t\t<\/div>\n\t\t\t\t\t\t<\/div>\n\t\t\t\t<\/div>\n\t\t\t\t<div class=\"elementor-element elementor-element-99168e3 elementor-widget elementor-widget-spacer\" data-id=\"99168e3\" data-element_type=\"widget\" data-widget_type=\"spacer.default\">\n\t\t\t\t<div class=\"elementor-widget-container\">\n\t\t\t\t\t<div class=\"elementor-spacer\">\n\t\t\t<div class=\"elementor-spacer-inner\"><\/div>\n\t\t<\/div>\n\t\t\t\t<\/div>\n\t\t\t\t<\/div>\n\t\t\t\t<div class=\"elementor-element elementor-element-4c8ec2cc elementor-widget elementor-widget-heading\" data-id=\"4c8ec2cc\" data-element_type=\"widget\" data-widget_type=\"heading.default\">\n\t\t\t\t<div class=\"elementor-widget-container\">\n\t\t\t<h2 class=\"elementor-heading-title elementor-size-default\">Elle permet une transformation int\u00e9rieure puissante, sans douleur en utilisant des stimulations bilat\u00e9rales. Cette technique a l\u2019avantage de faire vivre pleinement \u00e0 la personne l\u2019exp\u00e9rience dont elle a besoin et qui est d\u00e9j\u00e0 disponible en elle. Il n\u2019est donc plus n\u00e9cessaire de revivre son traumatisme pour s\u2019en lib\u00e9rer.<\/h2>\t\t<\/div>\n\t\t\t\t<\/div>\n\t\t\t\t<div class=\"elementor-element elementor-element-6cedc279 elementor-widget elementor-widget-spacer\" data-id=\"6cedc279\" data-element_type=\"widget\" data-widget_type=\"spacer.default\">\n\t\t\t\t<div class=\"elementor-widget-container\">\n\t\t\t\t\t<div class=\"elementor-spacer\">\n\t\t\t<div class=\"elementor-spacer-inner\"><\/div>\n\t\t<\/div>\n\t\t\t\t<\/div>\n\t\t\t\t<\/div>\n\t\t\t\t\t\t<\/div>\n\t\t\t\t\t<\/div>\n\t\t<\/div>\n\t\t\t\t\t\t\t\t<\/div>\n\t\t\t\t\t<\/div>\n\t\t<\/section>\n\t\t\t\t<section class=\"elementor-section elementor-top-section elementor-element elementor-element-12e0c734 elementor-section-boxed elementor-section-height-default elementor-section-height-default\" data-id=\"12e0c734\" data-element_type=\"section\">\n\t\t\t\t\t\t<div class=\"elementor-container elementor-column-gap-default\">\n\t\t\t\t\t\t\t<div class=\"elementor-row\">\n\t\t\t\t\t<div class=\"elementor-column elementor-col-100 elementor-top-column elementor-element elementor-element-12a917be\" data-id=\"12a917be\" data-element_type=\"column\">\n\t\t\t<div class=\"elementor-column-wrap elementor-element-populated\">\n\t\t\t\t\t\t\t<div class=\"elementor-widget-wrap\">\n\t\t\t\t\t\t<div class=\"elementor-element elementor-element-114b9025 elementor-widget elementor-widget-ct-title\" data-id=\"114b9025\" data-element_type=\"widget\" data-widget_type=\"ct-title.default\">\n\t\t\t\t<div class=\"elementor-widget-container\">\n\t\t\t\r\n      <div class=\"section-title-wrap text-center\">\r\n                <div class=\"ct-title-icon\"> <i aria-hidden=\"true\" class=\"fa fa-star\"><\/i> <\/div>\r\n                        <h2 class=\"title\"> Indications  <\/h2>\r\n                      <\/div>\r\n\r\n      \t\t<\/div>\n\t\t\t\t<\/div>\n\t\t\t\t<div class=\"elementor-element elementor-element-65815f4a elementor-widget elementor-widget-spacer\" data-id=\"65815f4a\" data-element_type=\"widget\" data-widget_type=\"spacer.default\">\n\t\t\t\t<div class=\"elementor-widget-container\">\n\t\t\t\t\t<div class=\"elementor-spacer\">\n\t\t\t<div class=\"elementor-spacer-inner\"><\/div>\n\t\t<\/div>\n\t\t\t\t<\/div>\n\t\t\t\t<\/div>\n\t\t\t\t\t\t<\/div>\n\t\t\t\t\t<\/div>\n\t\t<\/div>\n\t\t\t\t\t\t\t\t<\/div>\n\t\t\t\t\t<\/div>\n\t\t<\/section>\n\t\t\t\t<section class=\"elementor-section elementor-inner-section elementor-element elementor-element-6b59a99c elementor-section-boxed elementor-section-height-default elementor-section-height-default\" data-id=\"6b59a99c\" data-element_type=\"section\">\n\t\t\t\t\t\t<div class=\"elementor-container elementor-column-gap-extended\">\n\t\t\t\t\t\t\t<div class=\"elementor-row\">\n\t\t\t\t\t<div class=\"elementor-column elementor-col-50 elementor-inner-column elementor-element elementor-element-5e871039\" data-id=\"5e871039\" data-element_type=\"column\">\n\t\t\t<div class=\"elementor-column-wrap elementor-element-populated\">\n\t\t\t\t\t\t\t<div class=\"elementor-widget-wrap\">\n\t\t\t\t\t\t<div class=\"elementor-element elementor-element-613470ae elementor-widget elementor-widget-image\" data-id=\"613470ae\" data-element_type=\"widget\" data-widget_type=\"image.default\">\n\t\t\t\t<div class=\"elementor-widget-container\">\n\t\t\t\t\t\t\t\t<div class=\"elementor-image\">\n\t\t\t\t\t\t\t\t\t\t\t\t<img width=\"300\" height=\"168\" src=\"https:\/\/madiet.net\/wp-content\/uploads\/2021\/07\/formation-mosaic-emdr2.jpeg\" class=\"attachment-cooked-large size-cooked-large\" alt=\"\" loading=\"lazy\" \/>\t\t\t\t\t\t\t\t\t\t\t\t\t\t<\/div>\n\t\t\t\t\t\t<\/div>\n\t\t\t\t<\/div>\n\t\t\t\t\t\t<\/div>\n\t\t\t\t\t<\/div>\n\t\t<\/div>\n\t\t\t\t<div class=\"elementor-column elementor-col-50 elementor-inner-column elementor-element elementor-element-428cc2cf mr-lg-30\" data-id=\"428cc2cf\" data-element_type=\"column\">\n\t\t\t<div class=\"elementor-column-wrap elementor-element-populated\">\n\t\t\t\t\t\t\t<div class=\"elementor-widget-wrap\">\n\t\t\t\t\t\t<div class=\"elementor-element elementor-element-5ea225d elementor-widget elementor-widget-heading\" data-id=\"5ea225d\" data-element_type=\"widget\" data-widget_type=\"heading.default\">\n\t\t\t\t<div class=\"elementor-widget-container\">\n\t\t\t<h5 class=\"elementor-heading-title elementor-size-default\">Les indications de cette technique sont : <\/h5>\t\t<\/div>\n\t\t\t\t<\/div>\n\t\t\t\t<div class=\"elementor-element elementor-element-332c1466 elementor-widget elementor-widget-text-editor\" data-id=\"332c1466\" data-element_type=\"widget\" data-widget_type=\"text-editor.default\">\n\t\t\t\t<div class=\"elementor-widget-container\">\n\t\t\t\t\t\t\t\t<div class=\"elementor-text-editor elementor-clearfix\">\n\t\t\t\t<ul><li>&#8211; Les <b>traumatismes<\/b> (attentat, agression, accident\u2026)<\/li><li>&#8211; Les <b>Trouble des Conduites Alimentaires<\/b> (anorexie, boulimie, hyperphagie, compulsions)<\/li><li>&#8211; Les troubles <b>d\u00e9pressifs<\/b><\/li><li>&#8211; Les troubles <b>anxieux<\/b> g\u00e9n\u00e9ralis\u00e9s<\/li><li>&#8211; Les <b>phobies<\/b> (avion, araign\u00e9es, phobie sociale\u2026)<\/li><li>&#8211; Les <b>TOC<\/b> (rituels)<\/li><li>&#8211; Les <b>addictions<\/b> (alcool, drogue, sexe, jeux&#8230;)<\/li><\/ul>\t\t\t\t\t<\/div>\n\t\t\t\t\t\t<\/div>\n\t\t\t\t<\/div>\n\t\t\t\t\t\t<\/div>\n\t\t\t\t\t<\/div>\n\t\t<\/div>\n\t\t\t\t\t\t\t\t<\/div>\n\t\t\t\t\t<\/div>\n\t\t<\/section>\n\t\t\t\t<section class=\"elementor-section elementor-top-section elementor-element elementor-element-9ad462c elementor-section-boxed elementor-section-height-default elementor-section-height-default\" data-id=\"9ad462c\" data-element_type=\"section\">\n\t\t\t\t\t\t<div class=\"elementor-container elementor-column-gap-default\">\n\t\t\t\t\t\t\t<div class=\"elementor-row\">\n\t\t\t\t\t<div class=\"elementor-column elementor-col-100 elementor-top-column elementor-element elementor-element-0a33c09\" data-id=\"0a33c09\" data-element_type=\"column\">\n\t\t\t<div class=\"elementor-column-wrap elementor-element-populated\">\n\t\t\t\t\t\t\t<div class=\"elementor-widget-wrap\">\n\t\t\t\t\t\t<div class=\"elementor-element elementor-element-ed0dd5f elementor-widget elementor-widget-spacer\" data-id=\"ed0dd5f\" data-element_type=\"widget\" data-widget_type=\"spacer.default\">\n\t\t\t\t<div class=\"elementor-widget-container\">\n\t\t\t\t\t<div class=\"elementor-spacer\">\n\t\t\t<div class=\"elementor-spacer-inner\"><\/div>\n\t\t<\/div>\n\t\t\t\t<\/div>\n\t\t\t\t<\/div>\n\t\t\t\t<div class=\"elementor-element elementor-element-f872046 elementor-widget elementor-widget-text-editor\" data-id=\"f872046\" data-element_type=\"widget\" data-widget_type=\"text-editor.default\">\n\t\t\t\t<div class=\"elementor-widget-container\">\n\t\t\t\t\t\t\t\t<div class=\"elementor-text-editor elementor-clearfix\">\n\t\t\t\t<p style=\"text-align: center;\"><span style=\"color: #000000;\">Cette m\u00e9thode <b>novatrice<\/b> de th\u00e9rapie a \u00e9t\u00e9 cocr\u00e9\u00e9 en 2019 par Guillaume POUPARD \u00a0(Dr en\u00a0Psychopathologie, Psychologue Clinicien) et St\u00e9phanie Khalfa (Dr en Neurosciences, Chercheur auCNRS).<\/span><\/p>\t\t\t\t\t<\/div>\n\t\t\t\t\t\t<\/div>\n\t\t\t\t<\/div>\n\t\t\t\t<div class=\"elementor-element elementor-element-34880ac elementor-widget elementor-widget-spacer\" data-id=\"34880ac\" data-element_type=\"widget\" data-widget_type=\"spacer.default\">\n\t\t\t\t<div class=\"elementor-widget-container\">\n\t\t\t\t\t<div class=\"elementor-spacer\">\n\t\t\t<div class=\"elementor-spacer-inner\"><\/div>\n\t\t<\/div>\n\t\t\t\t<\/div>\n\t\t\t\t<\/div>\n\t\t\t\t\t\t<\/div>\n\t\t\t\t\t<\/div>\n\t\t<\/div>\n\t\t\t\t\t\t\t\t<\/div>\n\t\t\t\t\t<\/div>\n\t\t<\/section>\n\t\t\t\t<section class=\"elementor-section elementor-top-section elementor-element elementor-element-5f09ffb1 elementor-section-boxed elementor-section-height-default elementor-section-height-default\" data-id=\"5f09ffb1\" data-element_type=\"section\" data-settings=\"{&quot;background_background&quot;:&quot;classic&quot;}\">\n\t\t\t\t\t\t<div class=\"elementor-container elementor-column-gap-default\">\n\t\t\t\t\t\t\t<div class=\"elementor-row\">\n\t\t\t\t\t<div class=\"elementor-column elementor-col-100 elementor-top-column elementor-element elementor-element-3a22ed49\" data-id=\"3a22ed49\" data-element_type=\"column\">\n\t\t\t<div class=\"elementor-column-wrap elementor-element-populated\">\n\t\t\t\t\t\t\t<div class=\"elementor-widget-wrap\">\n\t\t\t\t\t\t<div class=\"elementor-element elementor-element-9bd43bd elementor-widget elementor-widget-spacer\" data-id=\"9bd43bd\" data-element_type=\"widget\" data-widget_type=\"spacer.default\">\n\t\t\t\t<div class=\"elementor-widget-container\">\n\t\t\t\t\t<div class=\"elementor-spacer\">\n\t\t\t<div class=\"elementor-spacer-inner\"><\/div>\n\t\t<\/div>\n\t\t\t\t<\/div>\n\t\t\t\t<\/div>\n\t\t\t\t<section class=\"elementor-section elementor-inner-section elementor-element elementor-element-4e7a3ec6 elementor-section-boxed elementor-section-height-default elementor-section-height-default\" data-id=\"4e7a3ec6\" data-element_type=\"section\">\n\t\t\t\t\t\t<div class=\"elementor-container elementor-column-gap-default\">\n\t\t\t\t\t\t\t<div class=\"elementor-row\">\n\t\t\t\t\t<div class=\"elementor-column elementor-col-50 elementor-inner-column elementor-element elementor-element-781eb628\" data-id=\"781eb628\" data-element_type=\"column\">\n\t\t\t<div class=\"elementor-column-wrap elementor-element-populated\">\n\t\t\t\t\t\t\t<div class=\"elementor-widget-wrap\">\n\t\t\t\t\t\t<div class=\"elementor-element elementor-element-48b95b5f elementor-widget elementor-widget-text-editor\" data-id=\"48b95b5f\" data-element_type=\"widget\" data-widget_type=\"text-editor.default\">\n\t\t\t\t<div class=\"elementor-widget-container\">\n\t\t\t\t\t\t\t\t<div class=\"elementor-text-editor elementor-clearfix\">\n\t\t\t\t<p><b>BAPTISTE Amandine<\/b><\/p>\n<p><b>Di\u00e9t\u00e9ticienne &#8211; Nutritionniste<\/b><\/p>\n<p><b>PRATICIENNE EN HYPNOSE<\/b><\/p>\n<p><span style=\"font-family: Roboto, sans-serif; font-size: 14px; font-style: normal; font-variant-ligatures: normal; font-variant-caps: normal; font-weight: 400; letter-spacing: -0.2px;\">64 AVENUE CHARLES DE GAULLE<\/span><br><\/p>\n<p>12100 MILLAU<\/p>\n<p><\/p>\t\t\t\t\t<\/div>\n\t\t\t\t\t\t<\/div>\n\t\t\t\t<\/div>\n\t\t\t\t\t\t<\/div>\n\t\t\t\t\t<\/div>\n\t\t<\/div>\n\t\t\t\t<div class=\"elementor-column elementor-col-50 elementor-inner-column elementor-element elementor-element-3dfbedf1\" data-id=\"3dfbedf1\" data-element_type=\"column\">\n\t\t\t<div class=\"elementor-column-wrap elementor-element-populated\">\n\t\t\t\t\t\t\t<div class=\"elementor-widget-wrap\">\n\t\t\t\t\t\t<div class=\"elementor-element elementor-element-437b4a82 elementor-widget elementor-widget-spacer\" data-id=\"437b4a82\" data-element_type=\"widget\" data-widget_type=\"spacer.default\">\n\t\t\t\t<div class=\"elementor-widget-container\">\n\t\t\t\t\t<div class=\"elementor-spacer\">\n\t\t\t<div class=\"elementor-spacer-inner\"><\/div>\n\t\t<\/div>\n\t\t\t\t<\/div>\n\t\t\t\t<\/div>\n\t\t\t\t<div class=\"elementor-element elementor-element-16b04b4d elementor-widget elementor-widget-text-editor\" data-id=\"16b04b4d\" data-element_type=\"widget\" data-widget_type=\"text-editor.default\">\n\t\t\t\t<div class=\"elementor-widget-container\">\n\t\t\t\t\t\t\t\t<div class=\"elementor-text-editor elementor-clearfix\">\n\t\t\t\t<p><b>a.baptiste@madiet.net <br><\/b><\/p>\n<p><b>Tel : 07.49.10.21.83<\/b><\/p>\n<p><b>N\u00b0 ADELI : 12 95 0074 0<\/b><\/p>\t\t\t\t\t<\/div>\n\t\t\t\t\t\t<\/div>\n\t\t\t\t<\/div>\n\t\t\t\t<div class=\"elementor-element elementor-element-15e63d06 elementor-widget elementor-widget-spacer\" data-id=\"15e63d06\" data-element_type=\"widget\" data-widget_type=\"spacer.default\">\n\t\t\t\t<div class=\"elementor-widget-container\">\n\t\t\t\t\t<div class=\"elementor-spacer\">\n\t\t\t<div class=\"elementor-spacer-inner\"><\/div>\n\t\t<\/div>\n\t\t\t\t<\/div>\n\t\t\t\t<\/div>\n\t\t\t\t\t\t<\/div>\n\t\t\t\t\t<\/div>\n\t\t<\/div>\n\t\t\t\t\t\t\t\t<\/div>\n\t\t\t\t\t<\/div>\n\t\t<\/section>\n\t\t\t\t<div class=\"elementor-element elementor-element-7282aaa3 elementor-widget elementor-widget-spacer\" data-id=\"7282aaa3\" data-element_type=\"widget\" data-widget_type=\"spacer.default\">\n\t\t\t\t<div class=\"elementor-widget-container\">\n\t\t\t\t\t<div class=\"elementor-spacer\">\n\t\t\t<div class=\"elementor-spacer-inner\"><\/div>\n\t\t<\/div>\n\t\t\t\t<\/div>\n\t\t\t\t<\/div>\n\t\t\t\t\t\t<\/div>\n\t\t\t\t\t<\/div>\n\t\t<\/div>\n\t\t\t\t\t\t\t\t<\/div>\n\t\t\t\t\t<\/div>\n\t\t<\/section>\n\t\t\t\t<section class=\"elementor-section elementor-top-section elementor-element elementor-element-282275f elementor-section-boxed elementor-section-height-default elementor-section-height-default\" data-id=\"282275f\" data-element_type=\"section\">\n\t\t\t\t\t\t<div class=\"elementor-container elementor-column-gap-default\">\n\t\t\t\t\t\t\t<div class=\"elementor-row\">\n\t\t\t\t\t<div class=\"elementor-column elementor-col-100 elementor-top-column elementor-element elementor-element-794ec90\" data-id=\"794ec90\" data-element_type=\"column\">\n\t\t\t<div class=\"elementor-column-wrap\">\n\t\t\t\t\t\t\t<div class=\"elementor-widget-wrap\">\n\t\t\t\t\t\t\t\t<\/div>\n\t\t\t\t\t<\/div>\n\t\t<\/div>\n\t\t\t\t\t\t\t\t<\/div>\n\t\t\t\t\t<\/div>\n\t\t<\/section>\n\t\t\t\t\t\t<\/div>\n\t\t\t\t\t\t<\/div>\n\t\t\t\t\t<\/div>\n\t\t","protected":false},"excerpt":{"rendered":"<p>A l\u2019instar de la th\u00e9rapie EMDR tr\u00e8s largement connues du grand public, la technique MOSAIC\u00ae (mouvements oculaires et stimulations altern\u00e9es pour l\u2019int\u00e9gration c\u00e9r\u00e9brale) est une m\u00e9thode th\u00e9rapeutique innovante qui utilise les propri\u00e9t\u00e9s neurophysiologiques des Stimulations Bilat\u00e9rales Altern\u00e9es dans une approche solutionniste exp\u00e9rientielle\u00ae. Elle permet une transformation int\u00e9rieure puissante, sans douleur en utilisant des stimulations bilat\u00e9rales. [&hellip;]<\/p>\n","protected":false},"author":2,"featured_media":0,"parent":0,"menu_order":0,"comment_status":"closed","ping_status":"closed","template":"","meta":[],"yoast_head":"<!-- This site is optimized with the Yoast SEO plugin v16.9 - https:\/\/yoast.com\/wordpress\/plugins\/seo\/ -->\n<title>Technique MOSA\u00cfC\u00ae<\/title>\n<meta name=\"description\" content=\"BAPTISTE AMANDINE - DI\u00c9T\u00c9TICIENNE \u2013 NUTRITIONNISTE - PRATICIENNE EN HYPNOSE - 62 avenue Charles de Gaulle 12100 MILLAU - a.baptiste@madiet.net - Tel : 07.49.10.21.83\" \/>\n<meta name=\"robots\" content=\"index, follow, max-snippet:-1, max-image-preview:large, max-video-preview:-1\" \/>\n<link rel=\"canonical\" href=\"https:\/\/madiet.net\/?page_id=1637\" \/>\n<meta property=\"og:locale\" content=\"fr_FR\" \/>\n<meta property=\"og:type\" content=\"article\" \/>\n<meta property=\"og:title\" content=\"Technique MOSA\u00cfC\u00ae\" \/>\n<meta property=\"og:description\" content=\"BAPTISTE AMANDINE - DI\u00c9T\u00c9TICIENNE \u2013 NUTRITIONNISTE - PRATICIENNE EN HYPNOSE - 62 avenue Charles de Gaulle 12100 MILLAU - a.baptiste@madiet.net - Tel : 07.49.10.21.83\" \/>\n<meta property=\"og:url\" content=\"https:\/\/madiet.net\/?page_id=1637\" \/>\n<meta property=\"og:site_name\" content=\"BAPTISTE Amandine\" \/>\n<meta property=\"article:modified_time\" content=\"2022-04-23T08:23:25+00:00\" \/>\n<meta property=\"og:image\" content=\"https:\/\/madiet.net\/wp-content\/uploads\/2021\/07\/mosaic.jpg\" \/>\n<meta name=\"twitter:card\" content=\"summary_large_image\" \/>\n<meta name=\"twitter:label1\" content=\"Dur\u00e9e de lecture est.\" \/>\n\t<meta name=\"twitter:data1\" content=\"2 minutes\" \/>\n<script type=\"application\/ld+json\" class=\"yoast-schema-graph\">{\"@context\":\"https:\/\/schema.org\",\"@graph\":[{\"@type\":[\"Person\",\"Organization\"],\"@id\":\"https:\/\/madiet.net\/#\/schema\/person\/846130f51fbb7083589f3b0fa9b743a5\",\"name\":\"Amandine Baptiste\",\"image\":{\"@type\":\"ImageObject\",\"@id\":\"https:\/\/madiet.net\/#personlogo\",\"inLanguage\":\"fr-FR\",\"url\":\"https:\/\/madiet.net\/wp-content\/uploads\/2020\/05\/amandine.jpg.png\",\"contentUrl\":\"https:\/\/madiet.net\/wp-content\/uploads\/2020\/05\/amandine.jpg.png\",\"width\":373,\"height\":407,\"caption\":\"Amandine Baptiste\"},\"logo\":{\"@id\":\"https:\/\/madiet.net\/#personlogo\"},\"sameAs\":[\"https:\/\/madiet.net\"]},{\"@type\":\"WebSite\",\"@id\":\"https:\/\/madiet.net\/#website\",\"url\":\"https:\/\/madiet.net\/\",\"name\":\"BAPTISTE Amandine\",\"description\":\"Amandine BAPTISTE, Di\\u00e9t\\u00e9ticienne \\u00e0 Millau\",\"publisher\":{\"@id\":\"https:\/\/madiet.net\/#\/schema\/person\/846130f51fbb7083589f3b0fa9b743a5\"},\"potentialAction\":[{\"@type\":\"SearchAction\",\"target\":{\"@type\":\"EntryPoint\",\"urlTemplate\":\"https:\/\/madiet.net\/?s={search_term_string}\"},\"query-input\":\"required name=search_term_string\"}],\"inLanguage\":\"fr-FR\"},{\"@type\":\"ImageObject\",\"@id\":\"https:\/\/madiet.net\/?page_id=1637#primaryimage\",\"inLanguage\":\"fr-FR\",\"url\":\"https:\/\/madiet.net\/wp-content\/uploads\/2021\/07\/mosaic.jpg\",\"contentUrl\":\"https:\/\/madiet.net\/wp-content\/uploads\/2021\/07\/mosaic.jpg\",\"width\":286,\"height\":176},{\"@type\":\"WebPage\",\"@id\":\"https:\/\/madiet.net\/?page_id=1637#webpage\",\"url\":\"https:\/\/madiet.net\/?page_id=1637\",\"name\":\"Technique MOSA\\u00cfC\\u00ae\",\"isPartOf\":{\"@id\":\"https:\/\/madiet.net\/#website\"},\"primaryImageOfPage\":{\"@id\":\"https:\/\/madiet.net\/?page_id=1637#primaryimage\"},\"datePublished\":\"2021-07-06T15:27:43+00:00\",\"dateModified\":\"2022-04-23T08:23:25+00:00\",\"description\":\"BAPTISTE AMANDINE - DI\\u00c9T\\u00c9TICIENNE \\u2013 NUTRITIONNISTE - PRATICIENNE EN HYPNOSE - 62 avenue Charles de Gaulle 12100 MILLAU - a.baptiste@madiet.net - Tel : 07.49.10.21.83\",\"breadcrumb\":{\"@id\":\"https:\/\/madiet.net\/?page_id=1637#breadcrumb\"},\"inLanguage\":\"fr-FR\",\"potentialAction\":[{\"@type\":\"ReadAction\",\"target\":[\"https:\/\/madiet.net\/?page_id=1637\"]}]},{\"@type\":\"BreadcrumbList\",\"@id\":\"https:\/\/madiet.net\/?page_id=1637#breadcrumb\",\"itemListElement\":[{\"@type\":\"ListItem\",\"position\":1,\"name\":\"Accueil\",\"item\":\"https:\/\/madiet.net\/\"},{\"@type\":\"ListItem\",\"position\":2,\"name\":\"Technique MOSA\\u00cfC\\u00ae\"}]}]}<\/script>\n<!-- \/ Yoast SEO plugin. -->","yoast_head_json":{"title":"Technique MOSA\u00cfC\u00ae","description":"BAPTISTE AMANDINE - DI\u00c9T\u00c9TICIENNE \u2013 NUTRITIONNISTE - PRATICIENNE EN HYPNOSE - 62 avenue Charles de Gaulle 12100 MILLAU - a.baptiste@madiet.net - Tel : 07.49.10.21.83","robots":{"index":"index","follow":"follow","max-snippet":"max-snippet:-1","max-image-preview":"max-image-preview:large","max-video-preview":"max-video-preview:-1"},"canonical":"https:\/\/madiet.net\/?page_id=1637","og_locale":"fr_FR","og_type":"article","og_title":"Technique MOSA\u00cfC\u00ae","og_description":"BAPTISTE AMANDINE - DI\u00c9T\u00c9TICIENNE \u2013 NUTRITIONNISTE - PRATICIENNE EN HYPNOSE - 62 avenue Charles de Gaulle 12100 MILLAU - a.baptiste@madiet.net - Tel : 07.49.10.21.83","og_url":"https:\/\/madiet.net\/?page_id=1637","og_site_name":"BAPTISTE Amandine","article_modified_time":"2022-04-23T08:23:25+00:00","og_image":[{"url":"https:\/\/madiet.net\/wp-content\/uploads\/2021\/07\/mosaic.jpg"}],"twitter_card":"summary_large_image","twitter_misc":{"Dur\u00e9e de lecture est.":"2 minutes"},"schema":{"@context":"https:\/\/schema.org","@graph":[{"@type":["Person","Organization"],"@id":"https:\/\/madiet.net\/#\/schema\/person\/846130f51fbb7083589f3b0fa9b743a5","name":"Amandine Baptiste","image":{"@type":"ImageObject","@id":"https:\/\/madiet.net\/#personlogo","inLanguage":"fr-FR","url":"https:\/\/madiet.net\/wp-content\/uploads\/2020\/05\/amandine.jpg.png","contentUrl":"https:\/\/madiet.net\/wp-content\/uploads\/2020\/05\/amandine.jpg.png","width":373,"height":407,"caption":"Amandine Baptiste"},"logo":{"@id":"https:\/\/madiet.net\/#personlogo"},"sameAs":["https:\/\/madiet.net"]},{"@type":"WebSite","@id":"https:\/\/madiet.net\/#website","url":"https:\/\/madiet.net\/","name":"BAPTISTE Amandine","description":"Amandine BAPTISTE, Di\u00e9t\u00e9ticienne \u00e0 Millau","publisher":{"@id":"https:\/\/madiet.net\/#\/schema\/person\/846130f51fbb7083589f3b0fa9b743a5"},"potentialAction":[{"@type":"SearchAction","target":{"@type":"EntryPoint","urlTemplate":"https:\/\/madiet.net\/?s={search_term_string}"},"query-input":"required name=search_term_string"}],"inLanguage":"fr-FR"},{"@type":"ImageObject","@id":"https:\/\/madiet.net\/?page_id=1637#primaryimage","inLanguage":"fr-FR","url":"https:\/\/madiet.net\/wp-content\/uploads\/2021\/07\/mosaic.jpg","contentUrl":"https:\/\/madiet.net\/wp-content\/uploads\/2021\/07\/mosaic.jpg","width":286,"height":176},{"@type":"WebPage","@id":"https:\/\/madiet.net\/?page_id=1637#webpage","url":"https:\/\/madiet.net\/?page_id=1637","name":"Technique MOSA\u00cfC\u00ae","isPartOf":{"@id":"https:\/\/madiet.net\/#website"},"primaryImageOfPage":{"@id":"https:\/\/madiet.net\/?page_id=1637#primaryimage"},"datePublished":"2021-07-06T15:27:43+00:00","dateModified":"2022-04-23T08:23:25+00:00","description":"BAPTISTE AMANDINE - DI\u00c9T\u00c9TICIENNE \u2013 NUTRITIONNISTE - PRATICIENNE EN HYPNOSE - 62 avenue Charles de Gaulle 12100 MILLAU - a.baptiste@madiet.net - Tel : 07.49.10.21.83","breadcrumb":{"@id":"https:\/\/madiet.net\/?page_id=1637#breadcrumb"},"inLanguage":"fr-FR","potentialAction":[{"@type":"ReadAction","target":["https:\/\/madiet.net\/?page_id=1637"]}]},{"@type":"BreadcrumbList","@id":"https:\/\/madiet.net\/?page_id=1637#breadcrumb","itemListElement":[{"@type":"ListItem","position":1,"name":"Accueil","item":"https:\/\/madiet.net\/"},{"@type":"ListItem","position":2,"name":"Technique MOSA\u00cfC\u00ae"}]}]}},"_links":{"self":[{"href":"https:\/\/madiet.net\/index.php?rest_route=\/wp\/v2\/pages\/1637"}],"collection":[{"href":"https:\/\/madiet.net\/index.php?rest_route=\/wp\/v2\/pages"}],"about":[{"href":"https:\/\/madiet.net\/index.php?rest_route=\/wp\/v2\/types\/page"}],"author":[{"embeddable":true,"href":"https:\/\/madiet.net\/index.php?rest_route=\/wp\/v2\/users\/2"}],"replies":[{"embeddable":true,"href":"https:\/\/madiet.net\/index.php?rest_route=%2Fwp%2Fv2%2Fcomments&post=1637"}],"version-history":[{"count":17,"href":"https:\/\/madiet.net\/index.php?rest_route=\/wp\/v2\/pages\/1637\/revisions"}],"predecessor-version":[{"id":1803,"href":"https:\/\/madiet.net\/index.php?rest_route=\/wp\/v2\/pages\/1637\/revisions\/1803"}],"wp:attachment":[{"href":"https:\/\/madiet.net\/index.php?rest_route=%2Fwp%2Fv2%2Fmedia&parent=1637"}],"curies":[{"name":"wp","href":"https:\/\/api.w.org\/{rel}","templated":true}]}}